{"id":1251,"date":"2019-09-20T22:24:57","date_gmt":"2019-09-20T22:24:57","guid":{"rendered":"https:\/\/inv.vfs.mybluehost.me\/website_b823b707\/accueil"},"modified":"2026-02-20T12:58:46","modified_gmt":"2026-02-20T20:58:46","slug":"accueil","status":"publish","type":"page","link":"https:\/\/idan.africa\/fr","title":{"rendered":"Accueil"},"content":{"rendered":" <!-- End main page container for custom content -->\n\n<div class=\"cta-two-column position-relative  \">\n    <div class=\"container\">\n        <div class=\"inner-blocks d-flex flex-lg-row flex-column gap-lg-12\">\n\n<div class=\"cta-single-column  1\">\n                <div class=\"cta-bg-clr bg-secondaire\"><\/div>\n        <div class=\"py-7 py-md-8\">\n        <div class=\"position-relative content-blanc \">\n\n<img decoding=\"async\" loading=\"lazy\" class=\"icon-block mb-3 mb-md-4 1\" src=\"https:\/\/idan.africa\/wp-content\/uploads\/2025\/11\/users-speaking-1.svg\" alt=\"\" \/>\n\n\n<h2 class=\"wp-block-heading\">Il n&#8217;y a personne qui soit<\/h2>\n\n\n\n<p>Afin d&#8217;obtenir un minimum, quiconque s&#8217;exerce \u00e0 un travail physique pour en tirer un certain profit. Ceux qui critiquent dans la douleur veulent fuir par plaisir, ils seront aveugl\u00e9s par le d\u00e9sir, ils ne reconnaissent pas la souffrance. <\/p>\n\n\n<div class=\"text- \">\n            <div>\n    <a class=\"btn-link mb-3 me-sm-3 btn-link-blanc\" href=\"#\" target=\"_self\">Lien ici<\/a>\n<\/div>            <\/div>\n<\/div>\n    <\/div>\n<\/div>\n\n\n<div class=\"cta-single-column  1\">\n            <img decoding=\"async\" loading=\"lazy\" class=\"cta-bg-img content-hidden\" src=\"https:\/\/idan.africa\/wp-content\/uploads\/2025\/11\/11660726-1.jpg\"><\/img>\n            <div class=\"py-7 py-md-8\">\n        <div class=\"position-relative content-fonc\u00e9 d-none\">\n\n<h2 class=\"wp-block-heading\"><\/h2>\n\n\n\n<p><\/p>\n\n<\/div>\n    <\/div>\n<\/div>\n<\/div>\n    <\/div>\n<\/div>\n\n <!-- Start container again -->\n <!-- End main page container for custom content -->\n\n<div class=\"announcements-featured bg-dark \">\n    <div class=\"row gx-0 flex-column-reverse flex-lg-row\">\n        <div class=\"col-lg-4\">\n            <img decoding=\"async\" loading=\"lazy\" class=\"img-fluid announcement-bg-img\" src=\"https:\/\/idan.africa\/wp-content\/uploads\/2025\/11\/Rectangle-25-e1763455139242.jpg\">\n        <\/div>\n        <div class=\"col-lg-8\">\n            <div class=\"row gx-0\">\n                <!-- Main -->\n                <div class=\"col-md-6\">\n                    <div class=\"bg-dark h-100 content-white px-6 py-6 py-md-7 d-flex align-items-center align-items-lg-end\">\n                        <div>\n                                                            <img decoding=\"async\" loading=\"lazy\" src=\"https:\/\/idan.africa\/wp-content\/uploads\/2025\/11\/megaphone-announcement-leader-2.svg\" alt=\"\" class=\"icon mb-3\">\n                                                        <h3 class=\"mb-3\">Participez \/ fil d&#8217;annonces<\/h3>\n                            <a href=\"https:\/\/idan.africa\/get-involved\/announcements\" class=\"btn-link btn-link-light\">Voir tout<\/a>\n\n                        <\/div>\n                    <\/div>\n                <\/div>\n                <!-- Posts -->\n                            <\/div>\n        <\/div>\n    <\/div>\n<\/div>\n\n <!-- Start container again -->\n <!-- End main page container for custom content -->\n\n<div class=\"trainings-recent py-6 py-md-9 \">\n    <div class=\"row gx-0\">\n        <!-- Main -->\n        <div class=\"col-lg-4\">\n            <div class=\"h-100 px-6 d-flex justify-content-lg-center mb-6\">\n                <div class=\"d-inline-block\">\n                                            <img decoding=\"async\" loading=\"lazy\" src=\"https:\/\/idan.africa\/wp-content\/uploads\/2025\/11\/degree-credential-2-1.svg\" alt=\"\" class=\"icon mb-3\">\n                                        <h3 class=\"text-dark mb-3\">Formations<\/h3>\n                    <a href=\"https:\/\/idan.africa\/our-work\/training\" class=\"btn-link btn-link-dark\">Voir tout<\/a>\n                <\/div>\n            <\/div>\n        <\/div>\n        <!-- Posts -->\n        <div class=\"col-lg-7 row px-6 gx-0 gx-md-5\">\n                            <div class=\"col-md-6\">\n                    <div class=\"training-card mb-4\">\n                        <div class=\"content pb-3\">\n                            <a href=\"https:\/\/idan.africa\/?p=1223\" class=\"text-decoration-none\">\n                                <h4 class=\"mb-2\">Training Event<\/h4>\n                            <\/a>\n                            <a href=\"https:\/\/idan.africa\/?p=1223\" class=\"btn-link btn-link-dark\">Learn More<\/a>\n                        <\/div>\n                    <\/div>\n                <\/div>\n                            <div class=\"col-md-6\">\n                    <div class=\"training-card mb-4\">\n                        <div class=\"content pb-3\">\n                            <a href=\"https:\/\/idan.africa\/?p=1004\" class=\"text-decoration-none\">\n                                <h4 class=\"mb-2\">Training Event<\/h4>\n                            <\/a>\n                            <a href=\"https:\/\/idan.africa\/?p=1004\" class=\"btn-link btn-link-dark\">Learn More<\/a>\n                        <\/div>\n                    <\/div>\n                <\/div>\n                    <\/div>\n    <\/div>\n<\/div>\n\n <!-- Start container again -->\n <!-- End main page container for custom content -->\n\n<div class=\"articles-recent py-6 py-md-9 bg-secondary content-white \">\n    <div class=\"row gx-0\">\n        <!-- Main -->\n        <div class=\"col-lg-4\">\n            <div class=\"h-100 px-6 d-flex justify-content-lg-center mb-6\">\n                <div class=\"d-inline-block \">\n                                            <img decoding=\"async\" loading=\"lazy\" src=\"https:\/\/idan.africa\/wp-content\/uploads\/2025\/11\/newspaper-1.svg\" alt=\"\" class=\"icon mb-3\">\n                                        <h3 class=\"mb-3\">Fil d&#8217;articles<\/h3>\n                    <a href=\"https:\/\/idan.africa\/resources\/articles\" class=\"btn-link btn-link-white\">Voir tout<\/a>\n                <\/div>\n            <\/div>\n        <\/div>\n        <!-- Posts -->\n        <div class=\"col-lg-7 row px-6 gx-0 gx-md-5\">\n                            <div class=\"col-md-6\">\n                    <div class=\"article-card mb-4\">\n                        <div class=\"content pb-3\">\n                            <a href=\"https:\/\/idan.africa\/fr\/article\/leconomie-politique-des-crises-de-la-dette-et-de-la-restructuration-largentine-et-lequateur-sous-la-surveillance-du-fmi\" class=\"text-decoration-none\">\n                                <h4 class=\"mb-2\">L&#8217;\u00e9conomie politique des crises de la dette et de la restructuration : l&#8217;Argentine et l&#8217;\u00c9quateur sous la surveillance du FMI<\/h4>\n                            <\/a>\n                            <a href=\"https:\/\/idan.africa\/fr\/article\/leconomie-politique-des-crises-de-la-dette-et-de-la-restructuration-largentine-et-lequateur-sous-la-surveillance-du-fmi\" class=\"text-decoration-none text-white\">\n                                <p class=\"mb-2 fs-16\">Au cours de la derni\u00e8re d\u00e9cennie, le FMI a consid\u00e9rablement renforc\u00e9 sa pr\u00e9sence en&#8230;<\/p>\n                            <\/a>\n                            <a href=\"https:\/\/idan.africa\/fr\/article\/leconomie-politique-des-crises-de-la-dette-et-de-la-restructuration-largentine-et-lequateur-sous-la-surveillance-du-fmi\" class=\"btn-link btn-link-white\">Learn More<\/a>\n                        <\/div>\n                    <\/div>\n                <\/div>\n                    <\/div>\n    <\/div>\n<\/div>\n\n <!-- Start container again -->\n <!-- End main page container for custom content -->\n\n<div class=\"videos-recent bg-secondary content-white \">\n    <div class=\"row gx-0 flex-column-reverse flex-lg-row\">\n        <!-- Posts -->\n        <div class=\"col-lg-8 row gx-0\">\n            <!-- Posts -->\n                    <\/div>\n\n        <!-- Main -->\n                <div class=\"col-lg-4\">\n            <div class=\"h-100 px-6 d-flex justify-content-lg-center align-items-center mb-6\">\n                <div class=\"d-inline-block \">\n                                            <img decoding=\"async\" loading=\"lazy\" src=\"https:\/\/idan.africa\/wp-content\/uploads\/2025\/11\/film-1.svg\" alt=\"\" class=\"icon mb-3\">\n                                        <h3 class=\"mb-3\">Vid\u00e9os r\u00e9centes<\/h3>\n                    <a href=\"https:\/\/idan.africa\/media\/videos\" class=\"btn-link btn-link-white\">Voir tout<\/a>\n                <\/div>\n            <\/div>\n        <\/div>\n    <\/div>\n<\/div>\n\n <!-- Start container again --> <!-- End main page container for custom content -->\n\n\n<div class=\"cta-cards position-relative 1\">\n    <div class=\"row gx-0\">\n                    <div class=\"cta-card col-lg-4 no-content\">\n                <div class=\"position-relative h-100 d-flex align-items-center align-items-lg-end bg-fonc\u00e9  content-blanc\" style=\"background-image: url('');\">\n                    <div class=\"content position-relative z-2 w-100 px-6 py-6 px-md-7 py-md-7\">\n                                                <div class=\"\"><\/div>\n                                            <\/div>\n                <\/div>\n            <\/div>\n                    <div class=\"cta-card col-lg-4 \">\n                <div class=\"position-relative h-100 d-flex align-items-center align-items-lg-end bg-fonc\u00e9  content-blanc\" style=\"background-image: url('');\">\n                    <div class=\"content position-relative z-2 w-100 px-6 py-6 px-md-7 py-md-7\">\n                                                    <img decoding=\"async\" loading=\"lazy\" src=\"https:\/\/idan.africa\/wp-content\/uploads\/2025\/11\/duplicate-1-1.svg\" alt=\"\" class=\"icon mb-3\">\n                                                <div class=\"\"><h3>Autre contenu<\/h3>\n<p>Lorem ipsum dolor sit amet, consectetur adipiscing elit, sed do eiusmod. Lorem ipsum dolor sit amet, consectetur adipiscing elit, sed do eiusmod.<\/p>\n<\/div>\n                                            <\/div>\n                <\/div>\n            <\/div>\n                    <div class=\"cta-card col-lg-4 \">\n                <div class=\"position-relative h-100 d-flex align-items-center align-items-lg-end bg-fonc\u00e9 bg-img content-blanc\" style=\"background-image: url('https:\/\/idan.africa\/wp-content\/uploads\/2025\/11\/Rectangle-15-e1762936174913.jpg');\">\n                    <div class=\"content position-relative z-2 w-100 px-6 py-6 px-md-7 py-md-7\">\n                                                <div class=\"\"><h4>Autre titre de contenu ici<\/h4>\n<\/div>\n                                                    <div>\n    <a class=\"btn-link mb-3 me-sm-3 btn-link-blanc\" href=\"#\" target=\"_self\">Lien ici<\/a>\n<\/div>                                                                        <\/div>\n                <\/div>\n            <\/div>\n            <\/div>\n<\/div>\n\n <!-- Start container again -->","protected":false},"excerpt":{"rendered":"","protected":false},"author":1,"featured_media":1742,"parent":0,"menu_order":-1,"comment_status":"closed","ping_status":"closed","template":"","meta":{"_acf_changed":false,"nf_dc_page":"","inline_featured_image":false,"footnotes":""},"class_list":["post-1251","page","type-page","status-publish","has-post-thumbnail","hentry"],"acf":[],"_links":{"self":[{"href":"https:\/\/idan.africa\/fr\/wp-json\/wp\/v2\/pages\/1251","targetHints":{"allow":["GET"]}}],"collection":[{"href":"https:\/\/idan.africa\/fr\/wp-json\/wp\/v2\/pages"}],"about":[{"href":"https:\/\/idan.africa\/fr\/wp-json\/wp\/v2\/types\/page"}],"author":[{"embeddable":true,"href":"https:\/\/idan.africa\/fr\/wp-json\/wp\/v2\/users\/1"}],"replies":[{"embeddable":true,"href":"https:\/\/idan.africa\/fr\/wp-json\/wp\/v2\/comments?post=1251"}],"version-history":[{"count":4,"href":"https:\/\/idan.africa\/fr\/wp-json\/wp\/v2\/pages\/1251\/revisions"}],"predecessor-version":[{"id":1303,"href":"https:\/\/idan.africa\/fr\/wp-json\/wp\/v2\/pages\/1251\/revisions\/1303"}],"wp:featuredmedia":[{"embeddable":true,"href":"https:\/\/idan.africa\/fr\/wp-json\/wp\/v2\/media\/1742"}],"wp:attachment":[{"href":"https:\/\/idan.africa\/fr\/wp-json\/wp\/v2\/media?parent=1251"}],"curies":[{"name":"wp","href":"https:\/\/api.w.org\/{rel}","templated":true}]}}